{"id":16,"date":"2012-08-22T17:10:47","date_gmt":"2012-08-22T15:10:47","guid":{"rendered":"https:\/\/gebrauchtesoftware.de\/Testumgebung1\/?page_id=16"},"modified":"2018-03-01T11:45:14","modified_gmt":"2018-03-01T10:45:14","slug":"impressum","status":"publish","type":"page","link":"https:\/\/gebrauchtesoftware.de\/Testumgebung1\/impressum","title":{"rendered":"Impressum"},"content":{"rendered":"<p>Dipl.-Kfm. Dirk Lynen<br \/>\nColynshofstra\u00dfe 46<br \/>\n52074 Aachen<br \/>\nDeutschland\/Germany<br \/>\nE-Mail: <a href=\"mailto:info@gebrauchtesoftware.de\">info@gebrauchtesoftware.de<\/a><br \/>\nTel.: +49 176 420 542 05<\/p>\n<p><strong>HAFTUNG F\u00dcR INHALTE<br \/>\n<\/strong><br \/>\nDie auf unseren Seiten vorhandenen Links zu den Inhalten von Internet-Seiten Dritter wurden durch uns nach bestem Wissen und Gewissen und unter Beachtung gr\u00f6\u00dftm\u00f6glicher Sorgfalt erstellt. Sie vermitteln aber lediglich den Zugang zu fremden Inhalten. Da der Inhalt von Internetseiten dynamisch ist, und sich jederzeit \u00e4ndern kann, ist eine stetige Einzelfallpr\u00fcfung s\u00e4mtlicher Inhalte, auf die ein Link erstellt wurde, nicht m\u00f6glich. Der Seitenbetreiber macht sich daher den Inhalt von Internet-Seiten Dritter, die mit der eigenen Internetpr\u00e4senz verlinkt sind, ausdr\u00fccklich nicht zu eigen. F\u00fcr Sch\u00e4den aus der Nutzung oder Nichtnutzung fremder Inhalte haftet ausschlie\u00dflich der jeweilige Anbieter der Seite, auf die verwiesen wurde.<\/p>\n<p><strong>HAFTUNG F\u00dcR LINKS<\/strong><\/p>\n<p>Soweit die auf unseren Seiten eingestellten Inhalte Rechtsvorschriften, Empfehlungen oder Ausk\u00fcnfte enthalten, sind sie nach bestem Gewissen und unter Beachtung gr\u00f6\u00dftm\u00f6glicher Sorgfalt erstellt. Fehler im Bearbeitungsvorgang sind dennoch nicht vollst\u00e4ndig auszuschlie\u00dfen. Eine Haftung f\u00fcr die Richtigkeit und Vollst\u00e4ndigkeit und Aktualit\u00e4t unserer Webseiten kann trotz sorgf\u00e4ltiger Pr\u00fcfung daher nicht \u00fcbernommen werden. Der Seitenbetreiber \u00fcbernimmt keinerlei Haftung f\u00fcr eventuelle Sch\u00e4den oder Konsequenzen, die durch direkte oder indirekte Nutzung der angebotenen Inhalte entstehen. Etwaige Empfehlungen oder Ausk\u00fcnfte sind unverbindlich. Eine Rechtsberatung findet nicht statt.<\/p>\n<hr \/>\n<p><strong>URHEBERRECHT<\/strong><\/p>\n<p>Die Ver\u00f6ffentlichungen auf diesen Seiten unterliegen dem deutschen Urheberrecht. Die Vervielf\u00e4ltigung, Bearbeitung, Verbreitung und jede Art der Verwertung au\u00dferhalb der Grenzen des Urheberrechtes bed\u00fcrfen der schriftlichen Zustimmung des jeweiligen Verfassers.<\/p>\n","protected":false},"excerpt":{"rendered":"<p>Dipl.-Kfm. Dirk Lynen Colynshofstra\u00dfe 46 52074 Aachen Deutschland\/Germany E-Mail: info@gebrauchtesoftware.de Tel.: +49 176 420 542 05 HAFTUNG F\u00dcR INHALTE Die auf unseren Seiten vorhandenen Links zu den Inhalten von Internet-Seiten Dritter wurden durch uns nach bestem Wissen und Gewissen und unter Beachtung gr\u00f6\u00dftm\u00f6glicher Sorgfalt erstellt. Sie vermitteln aber lediglich den Zugang zu fremden Inhalten. Da &hellip; <a href=\"https:\/\/gebrauchtesoftware.de\/Testumgebung1\/impressum\" class=\"more-link\"><span class=\"screen-reader-text\">Impressum<\/span> weiterlesen<\/a><\/p>\n","protected":false},"author":4,"featured_media":0,"parent":0,"menu_order":5,"comment_status":"closed","ping_status":"closed","template":"","meta":{"footnotes":""},"class_list":["post-16","page","type-page","status-publish","hentry"],"_links":{"self":[{"href":"https:\/\/gebrauchtesoftware.de\/Testumgebung1\/wp-json\/wp\/v2\/pages\/16","targetHints":{"allow":["GET"]}}],"collection":[{"href":"https:\/\/gebrauchtesoftware.de\/Testumgebung1\/wp-json\/wp\/v2\/pages"}],"about":[{"href":"https:\/\/gebrauchtesoftware.de\/Testumgebung1\/wp-json\/wp\/v2\/types\/page"}],"author":[{"embeddable":true,"href":"https:\/\/gebrauchtesoftware.de\/Testumgebung1\/wp-json\/wp\/v2\/users\/4"}],"replies":[{"embeddable":true,"href":"https:\/\/gebrauchtesoftware.de\/Testumgebung1\/wp-json\/wp\/v2\/comments?post=16"}],"version-history":[{"count":3,"href":"https:\/\/gebrauchtesoftware.de\/Testumgebung1\/wp-json\/wp\/v2\/pages\/16\/revisions"}],"predecessor-version":[{"id":2292,"href":"https:\/\/gebrauchtesoftware.de\/Testumgebung1\/wp-json\/wp\/v2\/pages\/16\/revisions\/2292"}],"wp:attachment":[{"href":"https:\/\/gebrauchtesoftware.de\/Testumgebung1\/wp-json\/wp\/v2\/media?parent=16"}],"curies":[{"name":"wp","href":"https:\/\/api.w.org\/{rel}","templated":true}]}}