{"id":2058,"date":"2017-04-10T11:14:26","date_gmt":"2017-04-10T09:14:26","guid":{"rendered":"https:\/\/gebrauchtesoftware.de\/Testumgebung1\/?page_id=2058"},"modified":"2018-05-28T11:14:07","modified_gmt":"2018-05-28T09:14:07","slug":"datenschutzerklaerung","status":"publish","type":"page","link":"https:\/\/gebrauchtesoftware.de\/Testumgebung1\/datenschutzerklaerung","title":{"rendered":"Datenschutzerkl\u00e4rung"},"content":{"rendered":"<h2>Datenschutzerkl\u00e4rung<\/h2>\n<div class=\"WordSection1\">\n<p>Wir freuen uns \u00fcber Ihr Interesse an unserer Seite. Der Schutz Ihrer<br \/>\nPrivatsph\u00e4re ist f\u00fcr uns sehr wichtig. Nachstehend informieren wir Sie<br \/>\nausf\u00fchrlich \u00fcber den Umgang mit Ihren Daten.<\/p>\n<p class=\"MsoNormal\" style=\"text-align: justify;\"><strong>1. Verantwortlicher<\/strong><\/p>\n<p class=\"MsoNormal\" style=\"text-align: justify;\"><strong><span style=\"font-weight: normal;\">Verantwortlicher i.S.v. \u00a7 4 Nr. 7 DSGVO ist Dirk Lynen, Colynshofstra\u00dfe<br \/>\n46, 52074 Aachen, EMail: info@gebrauchtesoftware.de, Tel.: 0241\/5596930.<\/span><\/strong><\/p>\n<p class=\"MsoNormal\"><strong>2. Zugriffsdaten und Hosting<\/strong><\/p>\n<p style=\"text-align: justify;\">Sie k\u00f6nnen unsere Webseiten besuchen, ohne<br \/>\nAngaben zu Ihrer Person zu machen. Bei jedem Aufruf einer Webseite speichert<br \/>\nder Webserver lediglich automatisch ein sogenanntes Server-Logfile, das z.B.<br \/>\nden Namen der angeforderten Datei, Ihre IP-Adresse, Datum und Uhrzeit des<br \/>\nAbrufs, \u00fcbertragene Datenmenge und den anfragenden Provider (Zugriffsdaten)<br \/>\nenth\u00e4lt und den Abruf dokumentiert.<\/p>\n<p style=\"text-align: justify;\">Diese Zugriffsdaten werden ausschlie\u00dflich zum Zwecke der Sicherstellung eines<br \/>\nst\u00f6rungsfreien Betriebs der Seite sowie der Verbesserung unseres Angebots<br \/>\nausgewertet. Dies dient gem\u00e4\u00df Art. 6 Abs. 1 S. 1 lit. f DSGVO der Wahrung<br \/>\nunserer im Rahmen einer Interessensabw\u00e4gung \u00fcberwiegenden berechtigten<br \/>\nInteressen an einer korrekten Darstellung unseres Angebots. Alle Zugriffsdaten<br \/>\nwerden sp\u00e4testens sieben Tage nach Ende Ihres Seitenbesuchs gel\u00f6scht.<\/p>\n<p style=\"text-align: justify;\"><strong>Hostingdienstleistungen durch einen<br \/>\nDrittanbieter<\/strong><\/p>\n<p style=\"text-align: justify;\">Im Rahmen einer Verarbeitung in unserem Auftrag<br \/>\nerbringt ein Drittanbieter f\u00fcr uns die Dienste zum Hosting und zur Darstellung<br \/>\nder Webseite. Dies dient der Wahrung unserer im Rahmen einer<br \/>\nInteressensabw\u00e4gung \u00fcberwiegenden berechtigten Interessen an einer korrekten<br \/>\nDarstellung unseres Angebots. Alle Daten, die im Rahmen der Nutzung dieser<br \/>\nWebseite oder in daf\u00fcr vorgesehenen Formularen im Onlineshop wie folgend<br \/>\nbeschrieben erhoben werden, werden auf seinen Servern verarbeitet. Eine<br \/>\nVerarbeitung auf anderen Servern findet nur in dem hier erl\u00e4uterten Rahmen<br \/>\nstatt.<\/p>\n<p style=\"text-align: justify;\">Dieser Dienstleister sitzt innerhalb eines Landes<br \/>\nder Europ\u00e4ischen Union oder des Europ\u00e4ischen Wirtschaftsraums.<\/p>\n<p class=\"MsoNormal\"><strong>3. Datenerhebung und -verwendung zur<br \/>\nVertragsabwicklung <\/strong><\/p>\n<p style=\"text-align: justify;\">Wir erheben personenbezogene Daten, wenn Sie uns<br \/>\ndiese im Rahmen Ihrer Bestellung, bei einer Kontaktaufnahme mit uns (z.B. per<br \/>\nKontaktformular oder E-Mail) freiwillig mitteilen. Pflichtfelder werden als<br \/>\nsolche gekennzeichnet, da wir in diesen F\u00e4llen die Daten zwingend zur Vertragsabwicklung,<br \/>\nbzw. zur Bearbeitung Ihrer Kontaktaufnahme ben\u00f6tigen und Sie ohne deren Angabe<br \/>\ndie Bestellung nicht abschlie\u00dfen, bzw. die Kontaktaufnahme nicht versenden<br \/>\nk\u00f6nnen. Welche Daten erhoben werden, ist aus den jeweiligen Eingabeformularen<br \/>\nersichtlich. Wir verwenden die von ihnen mitgeteilten Daten gem\u00e4\u00df Art. 6 Abs. 1<br \/>\nS. 1 lit. b DSGVO zur Vertragsabwicklung und Bearbeitung Ihrer Anfragen. Nach<br \/>\nvollst\u00e4ndiger Abwicklung des Vertrages werden Ihre Daten f\u00fcr die weitere<br \/>\nVerarbeitung eingeschr\u00e4nkt und nach Ablauf der steuer- und handelsrechtlichen<br \/>\nAufbewahrungsfristen gel\u00f6scht, sofern Sie nicht ausdr\u00fccklich in eine weitere<br \/>\nNutzung Ihrer Daten eingewilligt haben oder wir uns eine dar\u00fcber hinausgehende<br \/>\nDatenverwendung vorbehalten, die gesetzlich erlaubt ist und \u00fcber die wir Sie in<br \/>\ndieser Erkl\u00e4rung informieren.<\/p>\n<p class=\"MsoNormal\"><b>Kommentarfunktion auf dieser Website<\/b><\/p>\n<p>F\u00fcr die Kommentarfunktion auf dieser Seite werden neben Ihrem Kommentar auch<br \/>\nAngaben zum Zeitpunkt der Erstellung des Kommentars, Ihre E-Mail-Adresse und,<br \/>\nwenn Sie nicht anonym posten, der von Ihnen gew\u00e4hlte Nutzername gespeichert.<br \/>\nDie Kommentare und die damit verbundenen Daten werden gespeichert und<br \/>\nverbleiben auf unserer Website, bis der kommentierte Inhalt vollst\u00e4ndig<br \/>\ngel\u00f6scht wurde oder die Kommentare aus rechtlichen Gr\u00fcnden gel\u00f6scht werden<br \/>\nm\u00fcssen (z.B. beleidigende Kommentare).<\/p>\n<p class=\"MsoNormal\"><b>SSL- bzw. TLS-Verschl\u00fcsselung<\/b><\/p>\n<p style=\"text-align: justify;\">Diese Seite nutzt aus Sicherheitsgr\u00fcnden und zum<br \/>\nSchutz der \u00dcbertragung vertraulicher Inhalte, wie zum Beispiel Bestellungen<br \/>\noder Anfragen, die Sie an uns als Seitenbetreiber senden, eine SSL-bzw.<br \/>\nTLS-Verschl\u00fcsselung. Eine verschl\u00fcsselte Verbindung erkennen Sie daran, dass<br \/>\ndie Adresszeile des Browsers von \u201chttp:\/\/\u201d auf \u201chttps:\/\/\u201d wechselt und an dem<br \/>\nSchloss-Symbol in Ihrer Browserzeile.<\/p>\n<p style=\"text-align: justify;\">Wenn die SSL- bzw. TLS-Verschl\u00fcsselung aktiviert<br \/>\nist, k\u00f6nnen die Daten, die Sie an uns \u00fcbermitteln, nicht von Dritten mitgelesen<br \/>\nwerden.<\/p>\n<p class=\"MsoNormal\"><strong>4. Cookies und Webanalyse<\/strong><\/p>\n<p style=\"text-align: justify;\">Um den Besuch unserer Website attraktiv zu<br \/>\ngestalten und die Nutzung bestimmter Funktionen zu erm\u00f6glichen, um passende<br \/>\nProdukte anzuzeigen oder zur Marktforschung verwenden wir auf verschiedenen<br \/>\nSeiten sogenannte Cookies. Dies dient der Wahrung unserer im Rahmen einer<br \/>\nInteressensabw\u00e4gung \u00fcberwiegenden berechtigten Interessen an einer optimierten<br \/>\nDarstellung unseres Angebots gem\u00e4\u00df Art. 6 Abs. 1 S. 1 lit. f DSGVO. Cookies<br \/>\nsind kleine Textdateien, die automatisch auf Ihrem Endger\u00e4t gespeichert werden.<br \/>\nEinige der von uns verwendeten Cookies werden nach Ende der Browser-Sitzung,<br \/>\nalso nach Schlie\u00dfen Ihres Browsers, wieder gel\u00f6scht (sog. Sitzungs-Cookies).<br \/>\nAndere Cookies verbleiben auf Ihrem Endger\u00e4t und erm\u00f6glichen uns, Ihren Browser<br \/>\nbeim n\u00e4chsten Besuch wiederzuerkennen (persistente Cookies). Die Dauer der<br \/>\nSpeicherung k\u00f6nnen Sie der \u00dcbersicht in den Cookie-Einstellungen Ihres Webbrowsers<br \/>\nentnehmen. Sie k\u00f6nnen Ihren Browser so einstellen, dass Sie \u00fcber das Setzen von<br \/>\nCookies informiert werden und einzeln \u00fcber deren Annahme entscheiden oder die<br \/>\nAnnahme von Cookies f\u00fcr bestimmte F\u00e4lle oder generell ausschlie\u00dfen. Jeder<br \/>\nBrowser unterscheidet sich in der Art, wie er die Cookie-Einstellungen<br \/>\nverwaltet. Diese ist in dem Hilfemen\u00fc jedes Browsers beschrieben, welches Ihnen<br \/>\nerl\u00e4utert, wie Sie Ihre Cookie-Einstellungen \u00e4ndern k\u00f6nnen. Diese finden Sie<br \/>\nf\u00fcr die jeweiligen h\u00e4ufig verwendeten Browser unter den folgenden Links:<\/p>\n<p>Internet Explorer\u2122:<br \/>\n<a href=\"http:\/\/windows.microsoft.com\/de-DE\/windows-vista\/Block-or-allow-cookies\">http:\/\/windows.microsoft.com\/de-DE\/windows-vista\/Block-or-allow-cookies<\/a><br \/>\nSafari\u2122: <a href=\"https:\/\/support.apple.com\/kb\/ph21411?locale=de_DE\">https:\/\/support.apple.com\/kb\/ph21411?locale=de_DE<\/a><br \/>\nChrome\u2122:<br \/>\n<a href=\"http:\/\/support.google.com\/chrome\/bin\/answer.py?hl=de&amp;hlrm=en&amp;answer=95647\">http:\/\/support.google.com\/chrome\/bin\/answer.py?hl=de&amp;hlrm=en&amp;answer=95647<\/a><br \/>\nFirefox\u2122: <a href=\"https:\/\/support.mozilla.org\/de\/kb\/cookies-erlauben-und-ablehnen\">https:\/\/support.mozilla.org\/de\/kb\/cookies-erlauben-und-ablehnen<\/a><br \/>\nOpera\u2122 : <a href=\"http:\/\/help.opera.com\/Windows\/10.20\/de\/cookies.html\">http:\/\/help.opera.com\/Windows\/10.20\/de\/cookies.html<\/a><br \/>\nEdge&trade;: <a href=\"https:\/\/support.microsoft.com\/de-de\/help\/4027947\/windows-delete-cookies\">https:\/\/support.microsoft.com\/de-de\/help\/4027947\/windows-delete-cookies<\/a><\/p>\n<p>Bei der Nichtannahme von Cookies kann die Funktionalit\u00e4t unserer Website<br \/>\neingeschr\u00e4nkt sein.<\/p>\n<p style=\"text-align: justify;\"><strong>Einsatz von Google (Universal) Analytics zur<br \/>\nWebanalyse<\/strong><\/p>\n<p style=\"text-align: justify;\">Zur Webseitenanalyse setzt diese Website Google<br \/>\n(Universal) Analytics ein, einen Webanalysedienst der Google LLC<br \/>\n(www.google.de). Dies dient der Wahrung unserer im Rahmen einer<br \/>\nInteressensabw\u00e4gung \u00fcberwiegenden berechtigten Interessen an einer optimierten<br \/>\nDarstellung unseres Angebots gem\u00e4\u00df Art. 6 Abs. 1 S. 1 lit. f DSGVO. Google<br \/>\n(Universal) Analytics verwendet Methoden, die eine Analyse der Benutzung der<br \/>\nWebsite durch Sie erm\u00f6glichen, wie zum Beispiel Cookies. Die automatisch<br \/>\nerhobenen Informationen \u00fcber Ihre Benutzung dieser Website werden in der Regel<br \/>\nan einen Server von Google in den USA \u00fcbertragen und dort gespeichert. Durch<br \/>\ndie Aktivierung der IP-Anonymisierung auf dieser Webseite wird dabei die<br \/>\nIP-Adresse vor der \u00dcbermittlung innerhalb der Mitgliedstaaten der Europ\u00e4ischen<br \/>\nUnion oder in anderen Vertragsstaaten des Abkommens \u00fcber den Europ\u00e4ischen<br \/>\nWirtschaftsraum gek\u00fcrzt. Nur in Ausnahmef\u00e4llen wird die volle IP-Adresse an<br \/>\neinen Server von Google in den USA \u00fcbertragen und dort gek\u00fcrzt. Die im Rahmen<br \/>\nvon Google Analytics von Ihrem Browser \u00fcbermittelte anonymisierte IP-Adresse<br \/>\nwird grunds\u00e4tzlich nicht mit anderen Daten von Google zusammengef\u00fchrt. Nach<br \/>\nZweckfortfall und Ende des Einsatzes von Google Analytics durch uns werden die<br \/>\nin diesem Zusammenhang erhobenen Daten gel\u00f6scht.<\/p>\n<p style=\"text-align: justify;\">Die Google LLC hat ihren Hauptsitz in den USA und ist zertifiziert unter dem<br \/>\nEU-US-Privacy Shield. Ein aktuelles Zertifikat kann <a href=\"https:\/\/www.privacyshield.gov\/list\" target=\"_blank\" rel=\"noopener\">hier<\/a> eingesehen<br \/>\nwerden. Aufgrund dieses Abkommens zwischen den USA und der Europ\u00e4ischen<br \/>\nKommission hat letztere f\u00fcr unter dem Privacy Shield zertifizierte Unternehmen<br \/>\nein angemessenes Datenschutzniveau festgestellt.<\/p>\n<p>Sie k\u00f6nnen die Erfassung der durch das Cookie erzeugten und auf Ihre Nutzung<br \/>\nder Website bezogenen Daten (inkl. Ihrer IP-Adresse) an Google sowie die<br \/>\nVerarbeitung dieser Daten durch Google verhindern, indem sie das unter dem<br \/>\nfolgenden Link verf\u00fcgbare Browser-Plugin herunterladen und installieren:<br \/>\n<a href=\"http:\/\/tools.google.com\/dlpage\/gaoptout?hl=de\">http:\/\/tools.google.com\/dlpage\/gaoptout?hl=de<\/a><\/p>\n<p>Alternativ zum Browser-Plugin k\u00f6nnen Sie <a>diesen<br \/>\n<\/a>[google_analytics_optout]Link klicken(Google Analytics deaktivieren.)[\/google_analytics_optout], um die Erfassung durch Google Analytics auf dieser Website<br \/>\nzuk\u00fcnftig zu verhindern. Dabei wird ein Opt-Out-Cookie auf Ihrem Endger\u00e4t abgelegt.<br \/>\nL\u00f6schen Sie Ihre Cookies, m\u00fcssen Sie den Link erneut klicken.<\/p>\n<p><strong>Google reCAPTCHA<\/strong><br \/>\nWir nutzen \u201cGoogle reCAPTCHA\u201d (im Folgenden \u201creCAPTCHA\u201d) auf unseren Websites. Anbieter ist die Google Inc., 1600 Amphitheatre Parkway, Mountain View, CA 94043, USA (\u201cGoogle\u201d).<\/p>\n<p>Mit reCAPTCHA soll \u00fcberpr\u00fcft werden, ob die Dateneingabe auf unseren Websites (z.B. in einem Kontaktformular) durch einen Menschen oder durch ein automatisiertes Programm erfolgt. Hierzu analysiert reCAPTCHA das Verhalten des Websitebesuchers anhand verschiedener Merkmale. Diese Analyse beginnt automatisch, sobald der Websitebesucher die Website betritt. Zur Analyse wertet reCAPTCHA verschiedene Informationen aus (z.B. IP-Adresse, Verweildauer des Websitebesuchers auf der Website oder vom Nutzer get\u00e4tigte Mausbewegungen). Die bei der Analyse erfassten Daten werden an Google weitergeleitet.<\/p>\n<p>Die reCAPTCHA-Analysen laufen vollst\u00e4ndig im Hintergrund. Websitebesucher werden nicht darauf hingewiesen, dass eine Analyse stattfindet.<\/p>\n<p>Die Datenverarbeitung erfolgt auf Grundlage von Art. 6 Abs. 1 lit. f DSGVO. Der Websitebetreiber hat ein berechtigtes Interesse daran, seine Webangebote vor missbr\u00e4uchlicher automatisierter Aussp\u00e4hung und vor SPAM zu sch\u00fctzen.<\/p>\n<p>Weitere Informationen zu Google reCAPTCHA sowie die Datenschutzerkl\u00e4rung von Google entnehmen Sie folgenden Links: <a href=\"https:\/\/www.google.com\/intl\/de\/policies\/privacy\/\">https:\/\/www.google.com\/intl\/de\/policies\/privacy\/<\/a> und <a href=\"https:\/\/www.google.com\/recaptcha\/intro\/android.html\">https:\/\/www.google.com\/recaptcha\/intro\/android.html<\/a>.<\/p>\n<p><strong>5. Kontaktm\u00f6glichkeiten und Ihre Rechte<\/strong><\/p>\n<p>Als Betroffener haben Sie folgende Rechte:<\/p>\n<ul type=\"disc\">\n<li class=\"MsoNormal\">gem\u00e4\u00df Art. 15 DSGVO das Recht, in dem dort bezeichneten<br \/>\nUmfang Auskunft \u00fcber Ihre von uns verarbeiteten personenbezogenen Daten zu<br \/>\nverlangen;<\/li>\n<li class=\"MsoNormal\">gem\u00e4\u00df Art. 16 DSGVO das Recht, unverz\u00fcglich die<br \/>\nBerichtigung unrichtiger oder Vervollst\u00e4ndigung Ihrer bei uns<br \/>\ngespeicherten personenbezogenen Daten zu verlangen;<\/li>\n<li class=\"MsoNormal\">gem\u00e4\u00df Art. 17 DSGVO das Recht, die L\u00f6schung Ihrer bei uns<br \/>\ngespeicherten personenbezogenen Daten zu verlangen, soweit nicht die<br \/>\nweitere Verarbeitung<br \/>\n&#8211; zur Aus\u00fcbung des Rechts auf freie Meinungs\u00e4u\u00dferung und Information;<br \/>\n&#8211; zur Erf\u00fcllung einer rechtlichen Verpflichtung;<br \/>\n&#8211; aus Gr\u00fcnden des \u00f6ffentlichen Interesses oder<br \/>\n&#8211; zur Geltendmachung, Aus\u00fcbung oder Verteidigung von Rechtsanspr\u00fcchen<br \/>\nerforderlich ist;<\/li>\n<li class=\"MsoNormal\">gem\u00e4\u00df Art. 18 DSGVO das Recht, die Einschr\u00e4nkung der<br \/>\nVerarbeitung Ihrer personenbezogenen Daten zu verlangen, soweit<br \/>\n&#8211; die Richtigkeit der Daten von Ihnen bestritten wird;<br \/>\n&#8211; die Verarbeitung unrechtm\u00e4\u00dfig ist, Sie aber deren L\u00f6schung ablehnen;<br \/>\n&#8211; wir die Daten nicht mehr ben\u00f6tigen, Sie diese jedoch zur Geltendmachung,<br \/>\nAus\u00fcbung oder Verteidigung von Rechtsanspr\u00fcchen ben\u00f6tigen oder<br \/>\n&#8211; Sie gem\u00e4\u00df Art. 21 DSGVO Widerspruch gegen die Verarbeitung eingelegt<br \/>\nhaben;<\/li>\n<li class=\"MsoNormal\">gem\u00e4\u00df Art. 20 DSGVO das Recht, Ihre personenbezogenen<br \/>\nDaten, die Sie uns bereitgestellt haben, in einem strukturierten, g\u00e4ngigen<br \/>\nund maschinenlesebaren Format zu erhalten oder die \u00dcbermittlung an einen<br \/>\nanderen Verantwortlichen zu verlangen;<\/li>\n<li class=\"MsoNormal\">gem\u00e4\u00df Art. 77 DSGVO das Recht, sich bei einer<br \/>\nAufsichtsbeh\u00f6rde zu beschweren. In der Regel k\u00f6nnen Sie sich hierf\u00fcr an<br \/>\ndie Aufsichtsbeh\u00f6rde Ihres \u00fcblichen Aufenthaltsortes oder Arbeitsplatzes<br \/>\noder unseres Unternehmenssitzes wenden.<\/li>\n<li>gem\u00e4\u00df Art. 7 Abs. 3 DSGVO Ihre einmal erteilte Einwilligung jederzeit gegen\u00fcber uns zu widerrufen. Dies hat zur Folge, dass wir die Datenverarbeitung, die auf dieser Einwilligung beruhte, f\u00fcr die Zukunft nicht mehr fortf\u00fchren d\u00fcrfen.<\/li>\n<\/ul>\n<p>Bei Fragen zur Erhebung, Verarbeitung oder Nutzung Ihrer personenbezogenen<br \/>\nDaten, bei Ausk\u00fcnften, Berichtigung, Sperrung oder L\u00f6schung von Daten sowie<br \/>\nWiderruf ggf. erteilter Einwilligungen oder Widerspruch gegen eine bestimmte<br \/>\nDatenverwendung wenden Sie sich bitte an:<\/p>\n<p>Dirk Lynen<br \/>\nColynshofstra\u00dfe 46<br \/>\n52074 Aachen<br \/>\n0241\/5596930<br \/>\ninfo@gebrauchtesoftware.de<\/p>\n<p><span style=\"color: white;\">********************************************************************<\/span><br \/>\n<strong>Widerspruchsrecht<\/strong><br \/>\nSoweit wir zur Wahrung unserer im Rahmen einer Interessensabw\u00e4gung \u00fcberwiegenden<br \/>\nberechtigten Interessen personenbezogene Daten wie oben erl\u00e4utert verarbeiten,<br \/>\nk\u00f6nnen Sie dieser Verarbeitung mit Wirkung f\u00fcr die Zukunft widersprechen.<br \/>\nErfolgt die Verarbeitung zu Zwecken des Direktmarketings, k\u00f6nnen Sie dieses<br \/>\nRecht jederzeit wie oben beschrieben aus\u00fcben. Soweit die Verarbeitung zu<br \/>\nanderen Zwecken erfolgt, steht Ihnen ein Widerspruchsrecht nur bei Vorliegen<br \/>\nvon Gr\u00fcnden, die sich aus Ihrer besonderen Situation ergeben, zu.<\/p>\n<p>Nach Aus\u00fcbung Ihres Widerspruchsrechts werden wir Ihre personenbezogenen Daten<br \/>\nnicht weiter zu diesen Zwecken verarbeiten, es sei denn, wir k\u00f6nnen zwingende<br \/>\nschutzw\u00fcrdige Gr\u00fcnde f\u00fcr die Verarbeitung nachweisen, die Ihre Interessen,<br \/>\nRechte und Freiheiten \u00fcberwiegen, oder wenn die Verarbeitung der<br \/>\nGeltendmachung, Aus\u00fcbung oder Verteidigung von Rechtsanspr\u00fcchen dient.<\/p>\n<p>Dies gilt nicht, wenn die Verarbeitung zu Zwecken des Direktmarketings erfolgt.<br \/>\nDann werden wir Ihre personenbezogenen Daten nicht weiter zu diesem Zweck<br \/>\nverarbeiten. <span style=\"color: white;\">********************************************************************<\/span><\/p>\n<\/div>\n<p>&nbsp;<\/p>\n<p>&nbsp;<\/p>\n","protected":false},"excerpt":{"rendered":"<p>Datenschutzerkl\u00e4rung Wir freuen uns \u00fcber Ihr Interesse an unserer Seite. Der Schutz Ihrer Privatsph\u00e4re ist f\u00fcr uns sehr wichtig. Nachstehend informieren wir Sie ausf\u00fchrlich \u00fcber den Umgang mit Ihren Daten. 1. Verantwortlicher Verantwortlicher i.S.v. \u00a7 4 Nr. 7 DSGVO ist Dirk Lynen, Colynshofstra\u00dfe 46, 52074 Aachen, EMail: info@gebrauchtesoftware.de, Tel.: 0241\/5596930. 2. Zugriffsdaten und Hosting Sie &hellip; <a href=\"https:\/\/gebrauchtesoftware.de\/Testumgebung1\/datenschutzerklaerung\" class=\"more-link\"><span class=\"screen-reader-text\">Datenschutzerkl\u00e4rung<\/span> weiterlesen<\/a><\/p>\n","protected":false},"author":4,"featured_media":0,"parent":0,"menu_order":0,"comment_status":"closed","ping_status":"closed","template":"","meta":{"footnotes":""},"class_list":["post-2058","page","type-page","status-publish","hentry"],"_links":{"self":[{"href":"https:\/\/gebrauchtesoftware.de\/Testumgebung1\/wp-json\/wp\/v2\/pages\/2058","targetHints":{"allow":["GET"]}}],"collection":[{"href":"https:\/\/gebrauchtesoftware.de\/Testumgebung1\/wp-json\/wp\/v2\/pages"}],"about":[{"href":"https:\/\/gebrauchtesoftware.de\/Testumgebung1\/wp-json\/wp\/v2\/types\/page"}],"author":[{"embeddable":true,"href":"https:\/\/gebrauchtesoftware.de\/Testumgebung1\/wp-json\/wp\/v2\/users\/4"}],"replies":[{"embeddable":true,"href":"https:\/\/gebrauchtesoftware.de\/Testumgebung1\/wp-json\/wp\/v2\/comments?post=2058"}],"version-history":[{"count":7,"href":"https:\/\/gebrauchtesoftware.de\/Testumgebung1\/wp-json\/wp\/v2\/pages\/2058\/revisions"}],"predecessor-version":[{"id":2330,"href":"https:\/\/gebrauchtesoftware.de\/Testumgebung1\/wp-json\/wp\/v2\/pages\/2058\/revisions\/2330"}],"wp:attachment":[{"href":"https:\/\/gebrauchtesoftware.de\/Testumgebung1\/wp-json\/wp\/v2\/media?parent=2058"}],"curies":[{"name":"wp","href":"https:\/\/api.w.org\/{rel}","templated":true}]}}