{"id":72,"date":"2012-08-23T11:57:27","date_gmt":"2012-08-23T09:57:27","guid":{"rendered":"https:\/\/gebrauchtesoftware.de\/Testumgebung1\/?page_id=72"},"modified":"2012-09-20T10:32:48","modified_gmt":"2012-09-20T08:32:48","slug":"warum","status":"publish","type":"page","link":"https:\/\/gebrauchtesoftware.de\/Testumgebung1\/warum","title":{"rendered":"Warum gebrauchte Software?"},"content":{"rendered":"<h1><strong>Die Vorteile gebrauchter Software<\/strong><\/h1>\n<h2>Oft zuverl\u00e4ssiger als die neuste Version<\/h2>\n<p>Fast t\u00e4glich erscheinen mittlerweile neue Programme auf dem Software-Markt f\u00fcr die verschiedensten Anwendungsbereiche. Doch es muss nicht immer die neueste und aktuellste Version einer Software sein, um bequem am eigenen Rechner die t\u00e4gliche Arbeit zu erledigen, denn oft arbeitet ausgereifte Software mit dem einen oder anderen Servicepack zuverl\u00e4ssiger als die neuste Version.<\/p>\n<h2>Kein Verschlei\u00df<\/h2>\n<p>Die Software an sich unterliegt keinerlei Verschlei\u00df (au\u00dfer die Datentr\u00e4ger), d.h., Sie erhalten beim Kauf absolut neuwertige Ware inklusive aller Lizenzen zu einem g\u00fcnstigen Preis.<\/p>\n<h2>Updaterechte werden mit \u00fcbertragen<\/h2>\n<p>Da der neue Besitzer einer \u201eGebrauchtsoftware\u201c alle Nutzungsrechte erworben hat, kann er nat\u00fcrlich auch das Updaterecht in Anspruch nehmen, sofern dieses Recht f\u00fcr das \u00fcbertragene Produkt gilt. Dadurch kann es sehr viel g\u00fcnstiger sein, statt einer neuen Vollversion eine updatef\u00e4hige gebrauchte Programmversion zu kaufen und beim Hersteller lediglich ein Update durchzuf\u00fchren.<\/p>\n<h2>Der Preis<\/h2>\n<p>Im Allgemeinen ist gebrauchte Software deutlich g\u00fcntiger als Neuware. Es gibt allerdings auch Ausnahmen, z.B.\u00a0als Office 2007 mit einem neuen Bedienkonzept das gewohnte Office 2003 ersetzte, welches dann neu nicht mehr erh\u00e4ltlich war, schossen die Preise f\u00fcr das alte Modell zeitweise \u00fcber die vormaligen Neupreise in die H\u00f6he. Im Normalfall spart man aber mit zunehmendem Alter der Software einen immer gr\u00f6\u00dferen Betrag. Ein Office XP SBE, das bei Erscheinen noch ca. 200 Euro kostete, ist heute f\u00fcr ein Zehntel zu haben und selbst j\u00fcngere Generationen der beliebten B\u00fcrosuite von Microsoft wie z..B. Office 2007 Professional sind ca. 30% billiger verglichen mit dem damaligen Neupreis zu haben. (Verglichen mit dem aktuellen Office Professional betr\u00e4gt der <strong>Abschlag<\/strong> <strong>\u00fcber 50%<\/strong>.)<\/p>\n<h1>Nachteile gebrauchter Software<\/h1>\n<h2>Software als Statussymbol<\/h2>\n<p>Wer immer die neueste Version haben m\u00f6chte, weil er neugierig auf neue Technik \/ Design ist, kann zwar auch manchmal bei Gebrauchtsoftwareh\u00e4ndler ein Schn\u00e4ppchen machen, weil selbst aktuelle Software dort zu haben sein kann (siehe auch oben unter &#8222;Updaterechte werden mit \u00fcbertragen&#8220;), wird sich aber selten mit einer \u00e4lteren Version zufrieden geben.<\/p>\n<h2>Kompatibilit\u00e4t<\/h2>\n<p>Wenn man aus beruflichen Gr\u00fcnden immer mit dem neusten Dateiformat kompatibel sein muss (z.B. docx-Format von Office 2007\/2010), dann ist die aktuelle Version sicherlich die erste Wahl, mit geeigneten Zusatzprogrammen kommt man aber auch oft zum Ziel. Beispielsweise gibt es f\u00fcr Office 2003 geeignete kostenloses Import-Module, mit denen sich auch in Word 2003 das docx-Format einlesen l\u00e4sst. Einziger Wermutstropfen: neue Formate, die erst mit Office 2007\/2010 eingef\u00fchrt wurden, lassen sich dann nicht bearbeiten und gehen im schlimmsten Fall verloren. Diese Neuerungen sind allerdings selten und werden erfahrungsgem\u00e4\u00df in der Praxis kaum benutzt.<\/p>\n<h2>Rechtliche Risiken<\/h2>\n<p>Wer sich noch vor kurzem bei Herstellern wie Microsoft \u00fcber gebrauchte Software erkundigte, konnte z.B. Gastbeitr\u00e4ge mit \u00dcberschriften wie &#8222;<strong>Produktpiraterie und <strong>Gebrauchtsoftware<\/strong> als Beschaffungsrisiko&#8220;<\/strong> finden. Viele Verbraucher lie\u00dfen sich von den interessengef\u00e4rbten &#8222;Informationen&#8220; der Hersteller manipulieren und sahen &#8222;sicherheitshalber&#8220; vom Thema Gebrauchtsoftware ab.<\/p>\n<p>Seit der <a title=\"EuGH-Urteil zu gebrauchter Software\" href=\"https:\/\/gebrauchtesoftware.de\/Testumgebung1\/eugh-entscheidet-abschliesend-handel-mit-gebrauchter-software-zu-100-legal.php\">EuGH f\u00fcr das Rechtsgebiet der gesamten Europ\u00e4ische Gemeinschaft eine deutliche Grundsatzentscheidung <\/a><strong>pro Gebrauchtsoftware<\/strong> gef\u00e4llt hat, sind die oben erw\u00e4hnten &#8222;Informationen&#8220; der Hersteller eilig aus dem Netz genommen worden. Die rechtlichen Risiken gebrauchter Software sind demnach nicht h\u00f6her einzusch\u00e4tzen als die neuer Software, gerade im Hinblick darauf, dass in letzter Zeit geh\u00e4uft <a title=\"F\u00e4lschungen von neuen Office 2010 im Umlauf\" href=\"http:\/\/www.2ndsoft.de\/shop\/blog.php?blog_cat=1&amp;blog_item=64\" target=\"_blank\">gef\u00e4lschte Software als Neuware im Markt <\/a>auftaucht. Kunden guter Gebrauchtsoftwareh\u00e4ndler sind durch deren traditionell akribische Eingangskontrolle vor dem Erwerb solcher Produkte gut gesch\u00fctzt.<\/p>\n","protected":false},"excerpt":{"rendered":"<p>Die Vorteile gebrauchter Software Oft zuverl\u00e4ssiger als die neuste Version Fast t\u00e4glich erscheinen mittlerweile neue Programme auf dem Software-Markt f\u00fcr die verschiedensten Anwendungsbereiche. Doch es muss nicht immer die neueste und aktuellste Version einer Software sein, um bequem am eigenen Rechner die t\u00e4gliche Arbeit zu erledigen, denn oft arbeitet ausgereifte Software mit dem einen oder &hellip; <a href=\"https:\/\/gebrauchtesoftware.de\/Testumgebung1\/warum\" class=\"more-link\"><span class=\"screen-reader-text\">Warum gebrauchte Software?<\/span> weiterlesen<\/a><\/p>\n","protected":false},"author":3,"featured_media":0,"parent":0,"menu_order":0,"comment_status":"open","ping_status":"open","template":"","meta":{"footnotes":""},"class_list":["post-72","page","type-page","status-publish","hentry"],"_links":{"self":[{"href":"https:\/\/gebrauchtesoftware.de\/Testumgebung1\/wp-json\/wp\/v2\/pages\/72","targetHints":{"allow":["GET"]}}],"collection":[{"href":"https:\/\/gebrauchtesoftware.de\/Testumgebung1\/wp-json\/wp\/v2\/pages"}],"about":[{"href":"https:\/\/gebrauchtesoftware.de\/Testumgebung1\/wp-json\/wp\/v2\/types\/page"}],"author":[{"embeddable":true,"href":"https:\/\/gebrauchtesoftware.de\/Testumgebung1\/wp-json\/wp\/v2\/users\/3"}],"replies":[{"embeddable":true,"href":"https:\/\/gebrauchtesoftware.de\/Testumgebung1\/wp-json\/wp\/v2\/comments?post=72"}],"version-history":[{"count":0,"href":"https:\/\/gebrauchtesoftware.de\/Testumgebung1\/wp-json\/wp\/v2\/pages\/72\/revisions"}],"wp:attachment":[{"href":"https:\/\/gebrauchtesoftware.de\/Testumgebung1\/wp-json\/wp\/v2\/media?parent=72"}],"curies":[{"name":"wp","href":"https:\/\/api.w.org\/{rel}","templated":true}]}}